{"id":275,"date":"2017-08-02T11:37:36","date_gmt":"2017-08-02T09:37:36","guid":{"rendered":"http:\/\/rushmore.wpcolorlab.com\/?page_id=275"},"modified":"2022-03-24T15:33:00","modified_gmt":"2022-03-24T13:33:00","slug":"research-lines","status":"publish","type":"page","link":"https:\/\/marte.i3a.es\/es\/research-lines\/","title":{"rendered":"L\u00edneas de investigaci\u00f3n"},"content":{"rendered":"<div id=\"pl-gb275-69d1ac2e89047\"  class=\"panel-layout\" ><div id=\"pg-gb275-69d1ac2e89047-0\"  class=\"panel-grid panel-has-style\" ><div class=\"siteorigin-panels-stretch panel-row-style panel-row-style-for-gb275-69d1ac2e89047-0\" data-stretch-type=\"full-width-stretch\" ><div id=\"pgc-gb275-69d1ac2e89047-0-0\"  class=\"panel-grid-cell\" ><div id=\"panel-gb275-69d1ac2e89047-0-0-0\" class=\"so-panel widget widget_sow-hero panel-first-child panel-last-child\" data-index=\"0\" ><div\n\t\t\t\n\t\t\tclass=\"so-widget-sow-hero so-widget-sow-hero-default-93415d0e2dbf-275 so-widget-fittext-wrapper\"\n\t\t\t data-fit-text-compressor=\"0.85\"\n\t\t>\t\t\t\t<div class=\"sow-slider-base\" style=\"display: none\" tabindex=\"0\">\n\t\t\t\t\t<ul\n\t\t\t\t\tclass=\"sow-slider-images\"\n\t\t\t\t\tdata-settings=\"{&quot;pagination&quot;:true,&quot;speed&quot;:800,&quot;timeout&quot;:8000,&quot;paused&quot;:false,&quot;pause_on_hover&quot;:false,&quot;swipe&quot;:true,&quot;nav_always_show_desktop&quot;:&quot;&quot;,&quot;nav_always_show_mobile&quot;:&quot;&quot;,&quot;breakpoint&quot;:&quot;780px&quot;,&quot;unmute&quot;:false,&quot;anchor&quot;:null}\"\n\t\t\t\t\t\t\t\t\t\tdata-anchor-id=\"\"\n\t\t\t\t>\t\t<li class=\"sow-slider-image  sow-slider-image-cover\" style=\"visibility: visible;;background-color: #333333;background-image: url(https:\/\/marte.i3a.es\/wp-content\/uploads\/2017\/08\/conf_talk-2.jpg)\" >\n\t\t\t\t\t<div class=\"sow-slider-image-container\">\n\t\t\t<div class=\"sow-slider-image-wrapper\">\n\t\t\t\t<h1 style=\"text-align: center\"><strong>L\u00edneas de investigaci\u00f3n<\/strong><\/h1>\n\t\t\t<\/div>\n\t\t<\/div>\n\t\t\t\t<\/li>\n\t\t<\/ul>\t\t\t\t<ol class=\"sow-slider-pagination\">\n\t\t\t\t\t\t\t\t\t\t\t<li><a href=\"#\" data-goto=\"0\" aria-label=\"mostrar diapositiva 1\"><\/a><\/li>\n\t\t\t\t\t\t\t\t\t<\/ol>\n\n\t\t\t\t<div class=\"sow-slide-nav sow-slide-nav-next\">\n\t\t\t\t\t<a href=\"#\" data-goto=\"next\" aria-label=\"diapositiva siguiente\" data-action=\"next\">\n\t\t\t\t\t\t<em class=\"sow-sld-icon-thin-right\"><\/em>\n\t\t\t\t\t<\/a>\n\t\t\t\t<\/div>\n\n\t\t\t\t<div class=\"sow-slide-nav sow-slide-nav-prev\">\n\t\t\t\t\t<a href=\"#\" data-goto=\"previous\" aria-label=\"diapositiva anterior\" data-action=\"prev\">\n\t\t\t\t\t\t<em class=\"sow-sld-icon-thin-left\"><\/em>\n\t\t\t\t\t<\/a>\n\t\t\t\t<\/div>\n\t\t\t\t<\/div><\/div><\/div><\/div><\/div><\/div><\/div>\n\n<div  class=\"ultp-post-grid-block wp-block-ultimate-post-post-list-3 ultp-block-5d9443\"><div class=\"ultp-block-wrapper\"><div class=\"ultp-loading\"><div class=\"ultp-loading-blocks\" style=\"width:100%;height:100%;\"><div style=\"left: 0;top: 0;animation-delay:0s;\"><\/div><div style=\"left: 21px;top: 0;animation-delay:0.125s;\"><\/div><div style=\"left: 42px;top: 0;animation-delay:0.25s;\"><\/div><div style=\"left: 0;top: 21px;animation-delay:0.875s;\"><\/div><div style=\"left: 42px;top: 21px;animation-delay:0.375s;\"><\/div><div style=\"left: 0;top: 42px;animation-delay:0.75s;\"><\/div><div style=\"left: 42px;top: 42px;animation-delay:0.625s;\"><\/div><div style=\"left: 21px;top: 42px;animation-delay:0.5s;\"><\/div><\/div><\/div><div class=\"ultp-block-items-wrap ultp-block-row ultp-block-column-1 ultp-block-content-middle ultp-layout1\"><div class=\"ultp-block-item ultp-block-media post-id-3442\"><div class=\"ultp-block-content-wrap\"><div class=\"ultp-block-image ultp-block-image-opacity\"><a href=\"https:\/\/marte.i3a.es\/es\/micro-nano-particles\/\" ><img decoding=\"async\"  alt=\"Development of methods for the individual analysis of micro\/nano entities (nanoparticles, cells, micro\/nano plastics, etc.)\"  src=\"https:\/\/marte.i3a.es\/wp-content\/uploads\/2022\/03\/asperon-3-600x600.jpg\" \/><\/a><\/div><div class=\"ultp-block-content\"><h3 class=\"ultp-block-title\"><a href=\"https:\/\/marte.i3a.es\/es\/micro-nano-particles\/\" >Desarrollo de m\u00e9todos para el an\u00e1lisis individual de micro\/nano estructuras (nanopart\u00edculas, c\u00e9lulas, micro\/nano pl\u00e1sticos, etc.)<\/a><\/h3><div class=\"ultp-block-excerpt\"><\/div><div class=\"ultp-block-readmore\"><a aria-label=\"Desarrollo de m\u00e9todos para el an\u00e1lisis individual de micro\/nano estructuras (nanopart\u00edculas, c\u00e9lulas, micro\/nano pl\u00e1sticos, etc.)\" href=\"https:\/\/marte.i3a.es\/es\/micro-nano-particles\/\" >Leer m\u00e1s<\/a><\/div><\/div><\/div><\/div><div class=\"ultp-block-item ultp-block-media post-id-3051\"><div class=\"ultp-block-content-wrap\"><div class=\"ultp-block-image ultp-block-image-opacity\"><a href=\"https:\/\/marte.i3a.es\/es\/development-of-minimally-invasive-clinical-analysis-methods\/\" ><img decoding=\"async\"  alt=\"Development of minimally invasive clinical analysis methods\"  src=\"https:\/\/marte.i3a.es\/wp-content\/uploads\/2022\/03\/vlcsnap-2023-02-22-12h03m50s017-600x387.png\" \/><\/a><\/div><div class=\"ultp-block-content\"><h3 class=\"ultp-block-title\"><a href=\"https:\/\/marte.i3a.es\/es\/development-of-minimally-invasive-clinical-analysis-methods\/\" >Desarrollo de m\u00e9todos de an\u00e1lisis cl\u00ednicos m\u00ednimamente invasivos<\/a><\/h3><div class=\"ultp-block-excerpt\"><\/div><div class=\"ultp-block-readmore\"><a aria-label=\"Desarrollo de m\u00e9todos de an\u00e1lisis cl\u00ednicos m\u00ednimamente invasivos\" href=\"https:\/\/marte.i3a.es\/es\/development-of-minimally-invasive-clinical-analysis-methods\/\" >Leer m\u00e1s<\/a><\/div><\/div><\/div><\/div><\/div><\/div><div class=\"pagination-block-html\" aria-hidden=\"true\" style=\"display: none;\"><\/div><\/div>","protected":false},"excerpt":{"rendered":"","protected":false},"author":1,"featured_media":0,"parent":0,"menu_order":0,"comment_status":"closed","ping_status":"closed","template":"","meta":{"footnotes":""},"class_list":["post-275","page","type-page","status-publish"],"_links":{"self":[{"href":"https:\/\/marte.i3a.es\/es\/wp-json\/wp\/v2\/pages\/275","targetHints":{"allow":["GET"]}}],"collection":[{"href":"https:\/\/marte.i3a.es\/es\/wp-json\/wp\/v2\/pages"}],"about":[{"href":"https:\/\/marte.i3a.es\/es\/wp-json\/wp\/v2\/types\/page"}],"author":[{"embeddable":true,"href":"https:\/\/marte.i3a.es\/es\/wp-json\/wp\/v2\/users\/1"}],"replies":[{"embeddable":true,"href":"https:\/\/marte.i3a.es\/es\/wp-json\/wp\/v2\/comments?post=275"}],"version-history":[{"count":47,"href":"https:\/\/marte.i3a.es\/es\/wp-json\/wp\/v2\/pages\/275\/revisions"}],"predecessor-version":[{"id":3604,"href":"https:\/\/marte.i3a.es\/es\/wp-json\/wp\/v2\/pages\/275\/revisions\/3604"}],"wp:attachment":[{"href":"https:\/\/marte.i3a.es\/es\/wp-json\/wp\/v2\/media?parent=275"}],"curies":[{"name":"wp","href":"https:\/\/api.w.org\/{rel}","templated":true}]}}