{"id":3,"date":"2020-07-01T12:55:21","date_gmt":"2020-07-01T10:55:21","guid":{"rendered":"https:\/\/localhost:5443\/?page_id=3"},"modified":"2022-07-18T11:08:01","modified_gmt":"2022-07-18T09:08:01","slug":"legal-notes","status":"publish","type":"page","link":"https:\/\/marte.i3a.es\/es\/legal-notes\/","title":{"rendered":"Notas legales"},"content":{"rendered":"<div id=\"pl-gb3-69d1a9e1dea5b\"  class=\"panel-layout\" ><div id=\"pg-gb3-69d1a9e1dea5b-0\"  class=\"panel-grid panel-has-style\" ><div class=\"siteorigin-panels-stretch panel-row-style panel-row-style-for-gb3-69d1a9e1dea5b-0\" data-stretch-type=\"full-width-stretch\" ><div id=\"pgc-gb3-69d1a9e1dea5b-0-0\"  class=\"panel-grid-cell\" ><div id=\"panel-gb3-69d1a9e1dea5b-0-0-0\" class=\"so-panel widget widget_sow-hero panel-first-child panel-last-child\" data-index=\"0\" ><div\n\t\t\t\n\t\t\tclass=\"so-widget-sow-hero so-widget-sow-hero-default-93415d0e2dbf-3 so-widget-fittext-wrapper\"\n\t\t\t data-fit-text-compressor=\"0.85\"\n\t\t>\t\t\t\t<div class=\"sow-slider-base\" style=\"display: none\" tabindex=\"0\">\n\t\t\t\t\t<ul\n\t\t\t\t\tclass=\"sow-slider-images\"\n\t\t\t\t\tdata-settings=\"{&quot;pagination&quot;:true,&quot;speed&quot;:800,&quot;timeout&quot;:8000,&quot;paused&quot;:false,&quot;pause_on_hover&quot;:false,&quot;swipe&quot;:true,&quot;nav_always_show_desktop&quot;:&quot;&quot;,&quot;nav_always_show_mobile&quot;:&quot;&quot;,&quot;breakpoint&quot;:&quot;780px&quot;,&quot;unmute&quot;:false,&quot;anchor&quot;:null}\"\n\t\t\t\t\t\t\t\t\t\tdata-anchor-id=\"\"\n\t\t\t\t>\t\t<li class=\"sow-slider-image  sow-slider-image-cover\" style=\"visibility: visible;;background-color: #333333;background-image: url(https:\/\/marte.i3a.es\/wp-content\/uploads\/2020\/08\/law-1.jpg)\" >\n\t\t\t\t\t<div class=\"sow-slider-image-container\">\n\t\t\t<div class=\"sow-slider-image-wrapper\">\n\t\t\t\t<h1 class=\"entry-title\" style=\"text-align: center\"><strong>Notas legales<\/strong><\/h1>\n\t\t\t<\/div>\n\t\t<\/div>\n\t\t\t\t<\/li>\n\t\t<\/ul>\t\t\t\t<ol class=\"sow-slider-pagination\">\n\t\t\t\t\t\t\t\t\t\t\t<li><a href=\"#\" data-goto=\"0\" aria-label=\"mostrar diapositiva 1\"><\/a><\/li>\n\t\t\t\t\t\t\t\t\t<\/ol>\n\n\t\t\t\t<div class=\"sow-slide-nav sow-slide-nav-next\">\n\t\t\t\t\t<a href=\"#\" data-goto=\"next\" aria-label=\"diapositiva siguiente\" data-action=\"next\">\n\t\t\t\t\t\t<em class=\"sow-sld-icon-thin-right\"><\/em>\n\t\t\t\t\t<\/a>\n\t\t\t\t<\/div>\n\n\t\t\t\t<div class=\"sow-slide-nav sow-slide-nav-prev\">\n\t\t\t\t\t<a href=\"#\" data-goto=\"previous\" aria-label=\"diapositiva anterior\" data-action=\"prev\">\n\t\t\t\t\t\t<em class=\"sow-sld-icon-thin-left\"><\/em>\n\t\t\t\t\t<\/a>\n\t\t\t\t<\/div>\n\t\t\t\t<\/div><\/div><\/div><\/div><\/div><\/div><\/div>\n\n<br>\n<p><style type=\"text\/css\"><\/style><\/p>\n<section class=\"kc-elm kc-css-3516111 kc_row\">\n<div class=\"kc-row-container  kc-container\">\n<div class=\"kc-wrap-columns\">\n<div class=\"kc-elm kc-css-1730936 kc_col-sm-12 kc_column kc_col-sm-12\">\n<div class=\"kc-col-container\">\n<div class=\"kc-elm kc-css-3936953 kc_text_block\">\n<pre>July 18th 2022<\/pre>\n<h2>Sobre nosotros<\/h2>\n<p><!-- \/wp:heading --><\/p>\n<p><!-- wp:paragraph --><\/p>\n<p>La direcci\u00f3n de nuestro sitio web es: <a href=\"https:\/\/marte.i3a.es\/es\/\"><strong>https:\/\/marte.i3a.es<\/strong><\/a>.<\/p>\n<p>Nuestra informaci\u00f3n de contacto est\u00e1 accesible en esta direcci\u00f3n: <a href=\"https:\/\/marte.i3a.es\/es\/contact\/\"><strong>https:\/\/marte.i3a.es\/contact<\/strong><\/a>.<\/p>\n<p>&nbsp;<\/p>\n<p><!-- \/wp:paragraph --><\/p>\n<p><!-- wp:heading --><\/p>\n<h2>Qu\u00e9 datos personales recopilamos y por qu\u00e9 los recopilamos<\/h2>\n<p><!-- \/wp:heading --><\/p>\n<p><!-- wp:heading {\"level\":3} --><\/p>\n<p><!-- \/wp:heading --><\/p>\n<p><!-- wp:paragraph --><\/p>\n<p>We collect no personal information about you when you visit our&nbsp;web site, unless otherwise stated and unless you choose to provide this information to us. However, we automatically collect and store the following information in our server logs:<\/p>\n<ul>\n<li>La direcci\u00f3n de Protocolo de Internet (IP) del dominio desde el que accede a Internet, ya sea suya individualmente o proporcionada como proxy por su proveedor de servicios de Internet (ISP)<span class=\"caps\">IP<\/span>) address of the domain from which you access the Internet whether yours individually or provided as a proxy by your Internet Service Provider (<span class=\"caps\">ISP<\/span>)<\/li>\n<li>La fecha y hora en que accedi\u00f3 a nuestro sitio.<\/li>\n<li>Las p\u00e1ginas que examina&nbsp;<\/li>\n<li>La direcci\u00f3n de Internet del sitio web desde el que se vincul\u00f3 directamente a nuestro sitio.<\/li>\n<\/ul>\n<p>Esta informaci\u00f3n se elimina autom\u00e1ticamente despu\u00e9s de unos d\u00edas.<\/p>\n<p>&nbsp;<\/p>\n<p><!-- \/wp:paragraph --><\/p>\n<p><!-- wp:heading {\"level\":3} --><\/p>\n<p><!-- \/wp:paragraph --><\/p>\n<p><!-- wp:heading {\"level\":3} --><\/p>\n<h3>Contenido incrustado de otros sitios web<\/h3>\n<p><!-- \/wp:heading --><\/p>\n<p><!-- wp:paragraph --><\/p>\n<p>Los art\u00edculos de este sitio pueden incluir contenido incrustado (por ejemplo, v\u00eddeos, im\u00e1genes, art\u00edculos, etc.). El contenido incrustado de otros sitios web se comporta exactamente de la misma manera que si el visitante hubiera visitado el otro sitio web.<\/p>\n<p><!-- \/wp:paragraph --><\/p>\n<p><!-- wp:paragraph --><\/p>\n<p>Estos sitios web pueden recopilar datos sobre usted, utilizar cookies, incrustar un seguimiento adicional de terceros y supervisar su interacci\u00f3n con ese contenido incrustado, incluido el seguimiento de su interacci\u00f3n con el contenido incrustado si tiene una cuenta y est\u00e1 conectado a ese sitio web.<\/p>\n<p>&nbsp;<\/p>\n<p><!-- \/wp:paragraph --><\/p>\n<p><!-- wp:heading {\"level\":3} --><\/p>\n<p><!-- \/wp:paragraph --><\/p>\n<p><!-- wp:heading {\"level\":3} --><\/p>\n<h3>Comentarios enviados por correo electr\u00f3nico<\/h3>\n<p><!-- \/wp:paragraph --><\/p>\n<p><!-- wp:paragraph --><\/p>\n<p>Puede optar por proporcionarnos informaci\u00f3n personal, como en un mensaje de correo electr\u00f3nico que contenga sus comentarios o preguntas. Usamos esta informaci\u00f3n para mejorar el servicio que le brindamos o para responder a su solicitud. En ocasiones, su mensaje se reenv\u00eda, como correo electr\u00f3nico, a otro empleado que puede estar en mejores condiciones de ayudarlo. Excepto en el caso de las investigaciones policiales autorizadas, no compartimos nuestro correo electr\u00f3nico con ninguna otra organizaci\u00f3n externa.<\/p>\n<p>&nbsp;<\/p>\n<p><!-- \/wp:paragraph --><\/p>\n<p><!-- wp:heading {\"level\":3} --><\/p>\n<p><!-- \/wp:paragraph --><\/p>\n<p><!-- wp:heading --><\/p>\n<p><!-- \/wp:heading --><\/p>\n<p><!-- wp:heading --><\/p>\n<h2>Ley y jurisdicci\u00f3n aplicable<\/h2>\n<p>Tanto las Condiciones Generales de Uso como las Condiciones Particulares y la Pol\u00edtica de Privacidad seguidas por este sitio web se rigen por la legislaci\u00f3n espa\u00f1ola.<\/p>\n<p>Cualquier controversia en relaci\u00f3n con este sitio web ser\u00e1 sustanciada ante la jurisdicci\u00f3n espa\u00f1ola, sometiendo las partes a los Juzgados y Tribunales de Zaragoza, con renuncia expresa a su fuero, si los tuvieran y fueran distintos a los se\u00f1alados.<\/p>\n<p><!-- \/wp:heading --><\/p>\n<\/div>\n<\/div>\n<\/div>\n<\/div>\n<\/div>\n<\/section>","protected":false},"excerpt":{"rendered":"<p>July 18th 2022 About us The address of our website is: https:\/\/marte.i3a.es. Our contact information is accessible at this address: https:\/\/marte.i3a.es\/contact. &nbsp; What personal data we collect and why we collect it We collect no personal information about you when you visit our&nbsp;web site, unless otherwise stated and unless you choose to provide this information &#8230; <a title=\"Notas legales\" class=\"read-more\" href=\"https:\/\/marte.i3a.es\/es\/legal-notes\/\" aria-label=\"Leer m\u00e1s sobre Legal notes\">Leer m\u00e1s<\/a><\/p>","protected":false},"author":1,"featured_media":0,"parent":0,"menu_order":0,"comment_status":"closed","ping_status":"closed","template":"","meta":{"footnotes":""},"class_list":["post-3","page","type-page","status-publish"],"_links":{"self":[{"href":"https:\/\/marte.i3a.es\/es\/wp-json\/wp\/v2\/pages\/3","targetHints":{"allow":["GET"]}}],"collection":[{"href":"https:\/\/marte.i3a.es\/es\/wp-json\/wp\/v2\/pages"}],"about":[{"href":"https:\/\/marte.i3a.es\/es\/wp-json\/wp\/v2\/types\/page"}],"author":[{"embeddable":true,"href":"https:\/\/marte.i3a.es\/es\/wp-json\/wp\/v2\/users\/1"}],"replies":[{"embeddable":true,"href":"https:\/\/marte.i3a.es\/es\/wp-json\/wp\/v2\/comments?post=3"}],"version-history":[{"count":20,"href":"https:\/\/marte.i3a.es\/es\/wp-json\/wp\/v2\/pages\/3\/revisions"}],"predecessor-version":[{"id":3780,"href":"https:\/\/marte.i3a.es\/es\/wp-json\/wp\/v2\/pages\/3\/revisions\/3780"}],"wp:attachment":[{"href":"https:\/\/marte.i3a.es\/es\/wp-json\/wp\/v2\/media?parent=3"}],"curies":[{"name":"wp","href":"https:\/\/api.w.org\/{rel}","templated":true}]}}