{"id":3039,"date":"2022-03-23T13:59:17","date_gmt":"2022-03-23T11:59:17","guid":{"rendered":"https:\/\/wppruebas.i3a.es\/?page_id=3039"},"modified":"2024-05-22T10:00:00","modified_gmt":"2024-05-22T08:00:00","slug":"inicio-2","status":"publish","type":"page","link":"https:\/\/marte.i3a.es\/es\/","title":{"rendered":"Inicio 2"},"content":{"rendered":"<div id=\"pl-gb3039-69d49e1041e58\"  class=\"panel-layout\" ><div id=\"pg-gb3039-69d49e1041e58-0\"  class=\"panel-grid panel-has-style\" ><div class=\"siteorigin-panels-stretch panel-row-style panel-row-style-for-gb3039-69d49e1041e58-0\" data-stretch-type=\"full-width-stretch\" ><div id=\"pgc-gb3039-69d49e1041e58-0-0\"  class=\"panel-grid-cell\" ><div id=\"panel-gb3039-69d49e1041e58-0-0-0\" class=\"so-panel widget widget_sow-hero panel-first-child panel-last-child\" data-index=\"0\" ><div\n\t\t\t\n\t\t\tclass=\"so-widget-sow-hero so-widget-sow-hero-default-04f8028e4893-3039 so-widget-fittext-wrapper\"\n\t\t\t data-fit-text-compressor=\"1\"\n\t\t>\t\t\t\t<div class=\"sow-slider-base\" style=\"display: none\" tabindex=\"0\">\n\t\t\t\t\t<ul\n\t\t\t\t\tclass=\"sow-slider-images\"\n\t\t\t\t\tdata-settings=\"{&quot;pagination&quot;:true,&quot;speed&quot;:800,&quot;timeout&quot;:8000,&quot;paused&quot;:false,&quot;pause_on_hover&quot;:false,&quot;swipe&quot;:true,&quot;nav_always_show_desktop&quot;:&quot;&quot;,&quot;nav_always_show_mobile&quot;:&quot;&quot;,&quot;breakpoint&quot;:&quot;780px&quot;,&quot;unmute&quot;:false,&quot;anchor&quot;:null}\"\n\t\t\t\t\tstyle=\"min-height: 350px\"\t\t\t\t\tdata-anchor-id=\"\"\n\t\t\t\t>\t\t<li class=\"sow-slider-image\" style=\"visibility: visible;;background-color: #333333\" >\n\t\t\t\t\t<div class=\"sow-slider-image-container\">\n\t\t\t<div class=\"sow-slider-image-wrapper\">\n\t\t\t\t<h1 style=\"text-align: center\">MARTE<\/h1>\n<h4 style=\"text-align: center\">M\u00e9todos de An\u00e1lisis R\u00e1pidos con T\u00e9cnicas Espectrosc\u00f3picas<\/h4>\n<div class=\"sow-hero-buttons\" style=\"text-align: center\"><div\n\t\t\t\n\t\t\tclass=\"so-widget-sow-button so-widget-sow-button-atom-37c2de25bdb2\"\n\t\t\t\n\t\t><div class=\"ow-button-base ow-button-align-center\">\n\t\t\t<a\n\t\t\t\t\thref=\"https:\/\/marte.i3a.es\/es\/contact\/\"\n\t\t\t\t\tclass=\"sowb-button ow-icon-placement-left ow-button-hover\" \t>\n\t\t<span>\n\t\t\t\n\t\t\tContacto\t\t<\/span>\n\t\t\t<\/a>\n\t<\/div>\n<\/div><\/div>\n\t\t\t<\/div>\n\t\t<\/div>\n\t\t\t\t<\/li>\n\t\t<\/ul>\t\t\t\t<ol class=\"sow-slider-pagination\">\n\t\t\t\t\t\t\t\t\t\t\t<li><a href=\"#\" data-goto=\"0\" aria-label=\"mostrar diapositiva 1\"><\/a><\/li>\n\t\t\t\t\t\t\t\t\t<\/ol>\n\n\t\t\t\t<div class=\"sow-slide-nav sow-slide-nav-next\">\n\t\t\t\t\t<a href=\"#\" data-goto=\"next\" aria-label=\"diapositiva siguiente\" data-action=\"next\">\n\t\t\t\t\t\t<em class=\"sow-sld-icon-thin-right\"><\/em>\n\t\t\t\t\t<\/a>\n\t\t\t\t<\/div>\n\n\t\t\t\t<div class=\"sow-slide-nav sow-slide-nav-prev\">\n\t\t\t\t\t<a href=\"#\" data-goto=\"previous\" aria-label=\"diapositiva anterior\" data-action=\"prev\">\n\t\t\t\t\t\t<em class=\"sow-sld-icon-thin-left\"><\/em>\n\t\t\t\t\t<\/a>\n\t\t\t\t<\/div>\n\t\t\t\t<\/div><\/div><\/div><\/div><\/div><\/div><\/div>\n\n<div id=\"pl-gb3039-69d49e1042fd3\"  class=\"panel-layout\" ><div id=\"pg-gb3039-69d49e1042fd3-0\"  class=\"panel-grid panel-has-style\" ><div class=\"panel-row-style panel-row-style-for-gb3039-69d49e1042fd3-0\" ><div id=\"pgc-gb3039-69d49e1042fd3-0-0\"  class=\"panel-grid-cell\" ><div id=\"panel-gb3039-69d49e1042fd3-0-0-0\" class=\"so-panel widget widget_sow-editor panel-first-child\" data-index=\"0\" ><div\n\t\t\t\n\t\t\tclass=\"so-widget-sow-editor so-widget-sow-editor-base\"\n\t\t\t\n\t\t>\n<div class=\"siteorigin-widget-tinymce textwidget\">\n\t<p>MARTE es un Grupo de Referencia DGA (E43_20R) en el seno del cu\u00e1l colaboran investigadores de la Universidad de Zaragoza y del Hospital Universitario Miguel Servet. Nuestro grupo pertenece al Instituto Universitario de Investigaci\u00f3n en Ingenier\u00eda de Arag\u00f3n (i3a).<\/p>\n<p>El grupo desarrolla nueva metodolog\u00eda anal\u00edtica que permite el an\u00e1lisis directo elemental o isot\u00f3pico de muestras s\u00f3lidas y matrices complejas, desarrollando aplicaciones en las \u00e1reas de investigaci\u00f3n cl\u00ednica (an\u00e1lisis m\u00ednimamente invasivo) y en la caracterizaci\u00f3n de nanopart\u00edculas.<\/p>\n<p>Las t\u00e9cnicas que se emplean, principalmente, son absorci\u00f3n at\u00f3mica\/molecular de alta resoluci\u00f3n con fuente continua (HR CS GF AAS o MAS), plasma de acoplamiento inductivo con detecci\u00f3n por espectrometr\u00eda de masas (ICP-MS) y ablaci\u00f3n l\u00e1ser (LA\/LIBS).<\/p>\n<\/div>\n<\/div><\/div><div id=\"panel-gb3039-69d49e1042fd3-0-0-1\" class=\"so-panel widget widget_sow-image panel-last-child\" data-index=\"1\" ><div\n\t\t\t\n\t\t\tclass=\"so-widget-sow-image so-widget-sow-image-default-8b5b6f678277-3039\"\n\t\t\t\n\t\t>\n<div class=\"sow-image-container\">\n\t\t<img loading=\"lazy\" decoding=\"async\" src=\"https:\/\/marte.i3a.es\/wp-content\/uploads\/2023\/09\/MARTE.jpg\" width=\"1280\" height=\"720\" srcset=\"https:\/\/marte.i3a.es\/wp-content\/uploads\/2023\/09\/MARTE.jpg 1280w, https:\/\/marte.i3a.es\/wp-content\/uploads\/2023\/09\/MARTE-300x169.jpg 300w, https:\/\/marte.i3a.es\/wp-content\/uploads\/2023\/09\/MARTE-1024x576.jpg 1024w, https:\/\/marte.i3a.es\/wp-content\/uploads\/2023\/09\/MARTE-768x432.jpg 768w, https:\/\/marte.i3a.es\/wp-content\/uploads\/2023\/09\/MARTE-18x10.jpg 18w\" sizes=\"auto, (max-width: 1280px) 100vw, 1280px\" alt=\"\" \t\tclass=\"so-widget-image\"\/>\n\t<\/div>\n\n<\/div><\/div><\/div><\/div><\/div><\/div>\n\n\n<p><\/p>\n\n\n<div  class=\"ultp-post-grid-block wp-block-ultimate-post-post-grid-2 ultp-block-4cbc16\"><div class=\"ultp-block-wrapper\"><div class=\"ultp-loading\"><div class=\"ultp-loading-blocks\" style=\"width:100%;height:100%;\"><div style=\"left: 0;top: 0;animation-delay:0s;\"><\/div><div style=\"left: 21px;top: 0;animation-delay:0.125s;\"><\/div><div style=\"left: 42px;top: 0;animation-delay:0.25s;\"><\/div><div style=\"left: 0;top: 21px;animation-delay:0.875s;\"><\/div><div style=\"left: 42px;top: 21px;animation-delay:0.375s;\"><\/div><div style=\"left: 0;top: 42px;animation-delay:0.75s;\"><\/div><div style=\"left: 42px;top: 42px;animation-delay:0.625s;\"><\/div><div style=\"left: 21px;top: 42px;animation-delay:0.5s;\"><\/div><\/div><\/div><div class=\"ultp-heading-filter\"><div class=\"ultp-heading-filter-in\"><div class=\"ultp-heading-wrap ultp-heading-style1 ultp-heading-left\"><h2 class=\"ultp-heading-inner\"><span>L\u00edneas de investigaci\u00f3n<\/span><\/h2><\/div><\/div><\/div><div class=\"ultp-block-items-wrap ultp-block-row\"><div class=\"ultp-block-item post-id-3442\"><div class=\"ultp-block-content-wrap ultp-block-content-overlay\"><div class=\"ultp-block-image ultp-block-image-zoomIn ultp-block-image-overlay ultp-block-image-flat\"><a href=\"https:\/\/marte.i3a.es\/es\/micro-nano-particles\/\" ><img decoding=\"async\"  alt=\"Development of methods for the individual analysis of micro\/nano entities (nanoparticles, cells, micro\/nano plastics, etc.)\"  src=\"https:\/\/marte.i3a.es\/wp-content\/uploads\/2022\/03\/asperon-3-870x570.jpg\" \/><\/a><\/div><div class=\"ultp-block-content ultp-block-content-bottomPosition\"><div class=\"ultp-block-content-inner\"><h3 class=\"ultp-block-title\"><a href=\"https:\/\/marte.i3a.es\/es\/micro-nano-particles\/\" >Desarrollo de m\u00e9todos para el an\u00e1lisis individual de micro\/nano estructuras (nanopart\u00edculas, c\u00e9lulas, micro\/nano pl\u00e1sticos, etc.)<\/a><\/h3><\/div><\/div><\/div><\/div><div class=\"ultp-block-item post-id-3051\"><div class=\"ultp-block-content-wrap ultp-block-content-overlay\"><div class=\"ultp-block-image ultp-block-image-zoomIn ultp-block-image-overlay ultp-block-image-flat\"><a href=\"https:\/\/marte.i3a.es\/es\/development-of-minimally-invasive-clinical-analysis-methods\/\" ><img decoding=\"async\"  alt=\"Development of minimally invasive clinical analysis methods\"  src=\"https:\/\/marte.i3a.es\/wp-content\/uploads\/2022\/03\/vlcsnap-2023-02-22-12h03m50s017.png\" \/><\/a><\/div><div class=\"ultp-block-content ultp-block-content-bottomPosition\"><div class=\"ultp-block-content-inner\"><h3 class=\"ultp-block-title\"><a href=\"https:\/\/marte.i3a.es\/es\/development-of-minimally-invasive-clinical-analysis-methods\/\" >Desarrollo de m\u00e9todos de an\u00e1lisis cl\u00ednicos m\u00ednimamente invasivos<\/a><\/h3><\/div><\/div><\/div><\/div><\/div><\/div><div class=\"pagination-block-html\" aria-hidden=\"true\" style=\"display: none;\"><\/div><\/div>\n\n<div  class=\"wp-block-ultimate-post-post-slider-1 ultp-block-618499\"><div class=\"ultp-block-wrapper\"><div class=\"ultp-heading-filter\"><div class=\"ultp-heading-filter-in\"><div class=\"ultp-heading-wrap ultp-heading-style1 ultp-heading-left\"><h2 class=\"ultp-heading-inner\"><span>Proyectos<\/span><\/h2><\/div><\/div><\/div><div class=\"ultp-block-items-wrap\" data-arrows=\"1\" data-dots=\"1\" data-autoplay=\"1\" data-slidespeed=\"4000\" data-fade=\"1\" data-slidelg=\"1\" data-slidesm=\"1\" data-slidexs=\"1\"><div class=\"ultp-block-item post-id-4278\"><div><div class=\"ultp-block-slider-wrap\"><div class=\"ultp-block-image-inner\"><div class=\"ultp-block-image  ultp-block-image-overlay ultp-block-image-default ultp-block-image-default0\"><a href=\"https:\/\/marte.i3a.es\/es\/micromuestreo-y-alta-resolucion-temporal-y-espacial-para-el-analisis-clinico-minimamente-invasivo-y-el-analisis-de-celulas-individuales\/\" ><img decoding=\"async\"  alt=\"Microsampling and high-temporal and -spatial resolution for minimally invasive clinical analysis and single-cell analysis\"  src=\"https:\/\/marte.i3a.es\/wp-content\/uploads\/2025\/01\/Logotipo_DGA_Tecnologia.jpg\" \/><\/a><\/div><\/div><div class=\"ultp-block-content ultp-block-content-middlePosition ultp-block-content-centerPosition\"><div class=\"ultp-block-content-inner\"><h3 class=\"ultp-block-title\"><a href=\"https:\/\/marte.i3a.es\/es\/micromuestreo-y-alta-resolucion-temporal-y-espacial-para-el-analisis-clinico-minimamente-invasivo-y-el-analisis-de-celulas-individuales\/\" >Microsampling and high-temporal and -spatial resolution for minimally invasive clinical analysis and single-cell analysis<\/a><\/h3><div class=\"ultp-block-readmore\"><a aria-label=\"Microsampling and high-temporal and -spatial resolution for minimally invasive clinical analysis and single-cell analysis\" href=\"https:\/\/marte.i3a.es\/es\/micromuestreo-y-alta-resolucion-temporal-y-espacial-para-el-analisis-clinico-minimamente-invasivo-y-el-analisis-de-celulas-individuales\/\" >Leer m\u00e1s<svg xmlns=\"http:\/\/www.w3.org\/2000\/svg\" viewbox=\"0 0 49.16 37.25\"><path stroke=\"rgba(0,0,0,0)\" stroke-miterlimit=\"10\" d=\"M28.1 36.154a2.048 2.048 0 0 1 0-2.9l12.5-12.5H2.55a2.05 2.05 0 1 1 0-4.1H40.6l-12.5-12.5a2.05 2.05 0 1 1 2.9-2.9l17.45 17.448L31 36.154a2.047 2.047 0 0 1-2.9 0Z\"\/><\/svg><\/a><\/div><\/div><\/div><\/div><\/div><\/div><div class=\"ultp-block-item post-id-4193\"><div><div class=\"ultp-block-slider-wrap\"><div class=\"ultp-block-image-inner\"><div class=\"ultp-block-image  ultp-block-image-overlay ultp-block-image-default ultp-block-image-default0\"><a href=\"https:\/\/marte.i3a.es\/es\/nanolyme-hacia-un-nuevo-diagnostico-de-la-enfermedad-de-lyme-a-traves-de-la-nanotecnologia-la-espectrometria-atomica-y-la-inteligencia-artificial\/\" ><img decoding=\"async\"  alt=\"NanoLyme: Toward a new diagnosis of Lyme disease through nanotechnology, atomic spectrometry and artificial intelligence\"  src=\"https:\/\/marte.i3a.es\/wp-content\/uploads\/2024\/05\/logo-nanolyme.png\" \/><\/a><\/div><\/div><div class=\"ultp-block-content ultp-block-content-middlePosition ultp-block-content-centerPosition\"><div class=\"ultp-block-content-inner\"><h3 class=\"ultp-block-title\"><a href=\"https:\/\/marte.i3a.es\/es\/nanolyme-hacia-un-nuevo-diagnostico-de-la-enfermedad-de-lyme-a-traves-de-la-nanotecnologia-la-espectrometria-atomica-y-la-inteligencia-artificial\/\" >NanoLyme: Toward a new diagnosis of Lyme disease through nanotechnology, atomic spectrometry and artificial intelligence<\/a><\/h3><div class=\"ultp-block-readmore\"><a aria-label=\"NanoLyme: Toward a new diagnosis of Lyme disease through nanotechnology, atomic spectrometry and artificial intelligence\" href=\"https:\/\/marte.i3a.es\/es\/nanolyme-hacia-un-nuevo-diagnostico-de-la-enfermedad-de-lyme-a-traves-de-la-nanotecnologia-la-espectrometria-atomica-y-la-inteligencia-artificial\/\" >Leer m\u00e1s<svg xmlns=\"http:\/\/www.w3.org\/2000\/svg\" viewbox=\"0 0 49.16 37.25\"><path stroke=\"rgba(0,0,0,0)\" stroke-miterlimit=\"10\" d=\"M28.1 36.154a2.048 2.048 0 0 1 0-2.9l12.5-12.5H2.55a2.05 2.05 0 1 1 0-4.1H40.6l-12.5-12.5a2.05 2.05 0 1 1 2.9-2.9l17.45 17.448L31 36.154a2.047 2.047 0 0 1-2.9 0Z\"\/><\/svg><\/a><\/div><\/div><\/div><\/div><\/div><\/div><div class=\"ultp-block-item post-id-3893\"><div><div class=\"ultp-block-slider-wrap\"><div class=\"ultp-block-image-inner\"><div class=\"ultp-block-image  ultp-block-image-overlay ultp-block-image-default ultp-block-image-default0\"><a href=\"https:\/\/marte.i3a.es\/es\/microsampling-for-biomedical-elemental-analysis-make-every-droplet-count-anadrop\/\" ><img decoding=\"async\"  alt=\"Microsampling for biomedical elemental analysis: make every droplet count (ANADROP)\"  src=\"https:\/\/marte.i3a.es\/wp-content\/uploads\/2023\/02\/ANADROP-scaled.jpg\" \/><\/a><\/div><\/div><div class=\"ultp-block-content ultp-block-content-middlePosition ultp-block-content-centerPosition\"><div class=\"ultp-block-content-inner\"><h3 class=\"ultp-block-title\"><a href=\"https:\/\/marte.i3a.es\/es\/microsampling-for-biomedical-elemental-analysis-make-every-droplet-count-anadrop\/\" >Micromuestreo para el an\u00e1lisis elemental en el \u00e1mbito biom\u00e9dico: hagamos que cada gota cuente (ANADROP)<\/a><\/h3><div class=\"ultp-block-readmore\"><a aria-label=\"Micromuestreo para el an\u00e1lisis elemental en el \u00e1mbito biom\u00e9dico: hagamos que cada gota cuente (ANADROP)\" href=\"https:\/\/marte.i3a.es\/es\/microsampling-for-biomedical-elemental-analysis-make-every-droplet-count-anadrop\/\" >Leer m\u00e1s<svg xmlns=\"http:\/\/www.w3.org\/2000\/svg\" viewbox=\"0 0 49.16 37.25\"><path stroke=\"rgba(0,0,0,0)\" stroke-miterlimit=\"10\" d=\"M28.1 36.154a2.048 2.048 0 0 1 0-2.9l12.5-12.5H2.55a2.05 2.05 0 1 1 0-4.1H40.6l-12.5-12.5a2.05 2.05 0 1 1 2.9-2.9l17.45 17.448L31 36.154a2.047 2.047 0 0 1-2.9 0Z\"\/><\/svg><\/a><\/div><\/div><\/div><\/div><\/div><\/div><\/div><div class=\"ultp-slick-nav\" style=\"display:none\"><div class=\"ultp-slick-prev\"><div class=\"slick-arrow slick-prev\"><svg enable-background=\"new 0 0 477.175 477.175\" version=\"1.1\" viewbox=\"0 0 477.18 477.18\"><path d=\"m145.19 238.58 215.5-215.5c5.3-5.3 5.3-13.8 0-19.1s-13.8-5.3-19.1 0l-225.1 225.1c-5.3 5.3-5.3 13.8 0 19.1l225.1 225c2.6 2.6 6.1 4 9.5 4s6.9-1.3 9.5-4c5.3-5.3 5.3-13.8 0-19.1l-215.4-215.5z\"><\/path><\/svg><\/div><\/div><div class=\"ultp-slick-next\"><div class=\"slick-arrow slick-next\"><svg enable-background=\"new 0 0 477.175 477.175\" version=\"1.1\" viewbox=\"0 0 477.18 477.18\"><path d=\"m360.73 229.08-225.1-225.1c-5.3-5.3-13.8-5.3-19.1 0s-5.3 13.8 0 19.1l215.5 215.5-215.5 215.5c-5.3 5.3-5.3 13.8 0 19.1 2.6 2.6 6.1 4 9.5 4s6.9-1.3 9.5-4l225.1-225.1c5.3-5.2 5.3-13.8 0.1-19z\"><\/path><\/svg><\/div><\/div><\/div><\/div><\/div>\n\n<div  class=\"ultp-post-grid-block wp-block-ultimate-post-post-grid-4 ultp-block-9b23c5\"><div class=\"ultp-block-wrapper\"><div class=\"ultp-loading\"><div class=\"ultp-loading-blocks\" style=\"width:100%;height:100%;\"><div style=\"left: 0;top: 0;animation-delay:0s;\"><\/div><div style=\"left: 21px;top: 0;animation-delay:0.125s;\"><\/div><div style=\"left: 42px;top: 0;animation-delay:0.25s;\"><\/div><div style=\"left: 0;top: 21px;animation-delay:0.875s;\"><\/div><div style=\"left: 42px;top: 21px;animation-delay:0.375s;\"><\/div><div style=\"left: 0;top: 42px;animation-delay:0.75s;\"><\/div><div style=\"left: 42px;top: 42px;animation-delay:0.625s;\"><\/div><div style=\"left: 21px;top: 42px;animation-delay:0.5s;\"><\/div><\/div><\/div><div class=\"ultp-heading-filter\"><div class=\"ultp-heading-filter-in\"><div class=\"ultp-heading-wrap ultp-heading-style1 ultp-heading-left\"><h2 class=\"ultp-heading-inner\"><span>Noticias<\/span><\/h2><\/div><\/div><\/div><div class=\"ultp-block-items-wrap ultp-block-row ultp-layout1 ultp-block-content-\"><div class=\"ultp-block-item post-id-4419\"><div class=\"ultp-block-content-wrap ultp-block-content-overlay\"><div class=\"ultp-block-image ultp-block-image-opacity ultp-block-image-overlay ultp-block-image-simgleGradient\"><a href=\"https:\/\/marte.i3a.es\/es\/interview-with-dr-martin-resano-in-spectroscopy-online\/\" ><img decoding=\"async\"  alt=\"Interview with Dr. Mart\u00edn Resano in Spectroscopy Online\"  src=\"https:\/\/marte.i3a.es\/wp-content\/uploads\/2026\/01\/MR-870x570.png\" \/><\/a><\/div><div class=\"ultp-block-content ultp-block-content-bottomPosition\"><div class=\"ultp-block-content-inner\"><h3 class=\"ultp-block-title\"><a href=\"https:\/\/marte.i3a.es\/es\/interview-with-dr-martin-resano-in-spectroscopy-online\/\" >Entrevista al Dr. Mart\u00edn Resano en Spectroscopy Online<\/a><\/h3><div class=\"ultp-block-meta ultp-block-meta-dot ultp-block-meta-icon\"><span class=\"ultp-block-date ultp-block-meta-element\"><svg xmlns=\"http:\/\/www.w3.org\/2000\/svg\" viewbox=\"0 0 18 19\"><path d=\"M4.60069444,4.09375 L3.25,4.09375 C2.47334957,4.09375 1.84375,4.72334957 1.84375,5.5 L1.84375,7.26736111 L16.15625,7.26736111 L16.15625,5.5 C16.15625,4.72334957 15.5266504,4.09375 14.75,4.09375 L13.3993056,4.09375 L13.3993056,4.55555556 C13.3993056,5.02154581 13.0215458,5.39930556 12.5555556,5.39930556 C12.0895653,5.39930556 11.7118056,5.02154581 11.7118056,4.55555556 L11.7118056,4.09375 L6.28819444,4.09375 L6.28819444,4.55555556 C6.28819444,5.02154581 5.9104347,5.39930556 5.44444444,5.39930556 C4.97845419,5.39930556 4.60069444,5.02154581 4.60069444,4.55555556 L4.60069444,4.09375 Z M6.28819444,2.40625 L11.7118056,2.40625 L11.7118056,1 C11.7118056,0.534009742 12.0895653,0.15625 12.5555556,0.15625 C13.0215458,0.15625 13.3993056,0.534009742 13.3993056,1 L13.3993056,2.40625 L14.75,2.40625 C16.4586309,2.40625 17.84375,3.79136906 17.84375,5.5 L17.84375,15.875 C17.84375,17.5836309 16.4586309,18.96875 14.75,18.96875 L3.25,18.96875 C1.54136906,18.96875 0.15625,17.5836309 0.15625,15.875 L0.15625,5.5 C0.15625,3.79136906 1.54136906,2.40625 3.25,2.40625 L4.60069444,2.40625 L4.60069444,1 C4.60069444,0.534009742 4.97845419,0.15625 5.44444444,0.15625 C5.9104347,0.15625 6.28819444,0.534009742 6.28819444,1 L6.28819444,2.40625 Z M1.84375,8.95486111 L1.84375,15.875 C1.84375,16.6516504 2.47334957,17.28125 3.25,17.28125 L14.75,17.28125 C15.5266504,17.28125 16.15625,16.6516504 16.15625,15.875 L16.15625,8.95486111 L1.84375,8.95486111 Z\"\/><\/svg>Ene 23, 2026<\/span><\/div><\/div><\/div><\/div><\/div><div class=\"ultp-block-item post-id-4376\"><div class=\"ultp-block-content-wrap ultp-block-content-overlay\"><div class=\"ultp-block-image ultp-block-image-opacity ultp-block-image-overlay ultp-block-image-simgleGradient\"><a href=\"https:\/\/marte.i3a.es\/es\/i-workshop-on-bioanalysis-and-clinical-diagnosis-with-an-emphasis-on-lyme-an-overview\/\" ><img decoding=\"async\"  alt=\"I Workshop on Bioanalysis and Clinical Diagnosis, with an emphasis on Lyme &#8211; an overview\"  src=\"https:\/\/marte.i3a.es\/wp-content\/uploads\/2024\/05\/logo-nanolyme-600x385.png\" \/><\/a><\/div><div class=\"ultp-block-content ultp-block-content-bottomPosition\"><div class=\"ultp-block-content-inner\"><h3 class=\"ultp-block-title\"><a href=\"https:\/\/marte.i3a.es\/es\/i-workshop-on-bioanalysis-and-clinical-diagnosis-with-an-emphasis-on-lyme-an-overview\/\" >I Workshop sobre Bioan\u00e1lisis y Diagn\u00f3stico Cl\u00ednico, con \u00e9nfasis en Lyme \u2013 una visi\u00f3n general<\/a><\/h3><div class=\"ultp-block-meta ultp-block-meta-dot ultp-block-meta-icon\"><span class=\"ultp-block-date ultp-block-meta-element\"><svg xmlns=\"http:\/\/www.w3.org\/2000\/svg\" viewbox=\"0 0 18 19\"><path d=\"M4.60069444,4.09375 L3.25,4.09375 C2.47334957,4.09375 1.84375,4.72334957 1.84375,5.5 L1.84375,7.26736111 L16.15625,7.26736111 L16.15625,5.5 C16.15625,4.72334957 15.5266504,4.09375 14.75,4.09375 L13.3993056,4.09375 L13.3993056,4.55555556 C13.3993056,5.02154581 13.0215458,5.39930556 12.5555556,5.39930556 C12.0895653,5.39930556 11.7118056,5.02154581 11.7118056,4.55555556 L11.7118056,4.09375 L6.28819444,4.09375 L6.28819444,4.55555556 C6.28819444,5.02154581 5.9104347,5.39930556 5.44444444,5.39930556 C4.97845419,5.39930556 4.60069444,5.02154581 4.60069444,4.55555556 L4.60069444,4.09375 Z M6.28819444,2.40625 L11.7118056,2.40625 L11.7118056,1 C11.7118056,0.534009742 12.0895653,0.15625 12.5555556,0.15625 C13.0215458,0.15625 13.3993056,0.534009742 13.3993056,1 L13.3993056,2.40625 L14.75,2.40625 C16.4586309,2.40625 17.84375,3.79136906 17.84375,5.5 L17.84375,15.875 C17.84375,17.5836309 16.4586309,18.96875 14.75,18.96875 L3.25,18.96875 C1.54136906,18.96875 0.15625,17.5836309 0.15625,15.875 L0.15625,5.5 C0.15625,3.79136906 1.54136906,2.40625 3.25,2.40625 L4.60069444,2.40625 L4.60069444,1 C4.60069444,0.534009742 4.97845419,0.15625 5.44444444,0.15625 C5.9104347,0.15625 6.28819444,0.534009742 6.28819444,1 L6.28819444,2.40625 Z M1.84375,8.95486111 L1.84375,15.875 C1.84375,16.6516504 2.47334957,17.28125 3.25,17.28125 L14.75,17.28125 C15.5266504,17.28125 16.15625,16.6516504 16.15625,15.875 L16.15625,8.95486111 L1.84375,8.95486111 Z\"\/><\/svg>Abr 24, 2025<\/span><\/div><\/div><\/div><\/div><\/div><div class=\"ultp-block-item post-id-4348\"><div class=\"ultp-block-content-wrap ultp-block-content-overlay\"><div class=\"ultp-block-image ultp-block-image-opacity ultp-block-image-overlay ultp-block-image-simgleGradient\"><a href=\"https:\/\/marte.i3a.es\/es\/interviewing-dr-martin-resano-about-lyme-disease-in-radio-zaragoza\/\" ><img decoding=\"async\"  alt=\"Interviewing Dr. Mart\u00edn Resano about Lyme Disease in Radio Zaragoza\"  src=\"https:\/\/marte.i3a.es\/wp-content\/uploads\/2025\/03\/mr-600x485.png\" \/><\/a><\/div><div class=\"ultp-block-content ultp-block-content-bottomPosition\"><div class=\"ultp-block-content-inner\"><h3 class=\"ultp-block-title\"><a href=\"https:\/\/marte.i3a.es\/es\/interviewing-dr-martin-resano-about-lyme-disease-in-radio-zaragoza\/\" >Entrevista con Dr. Mart\u00edn Resano sobre la enfermedad de Lyme en Radio Zaragoza<\/a><\/h3><div class=\"ultp-block-meta ultp-block-meta-dot ultp-block-meta-icon\"><span class=\"ultp-block-date ultp-block-meta-element\"><svg xmlns=\"http:\/\/www.w3.org\/2000\/svg\" viewbox=\"0 0 18 19\"><path d=\"M4.60069444,4.09375 L3.25,4.09375 C2.47334957,4.09375 1.84375,4.72334957 1.84375,5.5 L1.84375,7.26736111 L16.15625,7.26736111 L16.15625,5.5 C16.15625,4.72334957 15.5266504,4.09375 14.75,4.09375 L13.3993056,4.09375 L13.3993056,4.55555556 C13.3993056,5.02154581 13.0215458,5.39930556 12.5555556,5.39930556 C12.0895653,5.39930556 11.7118056,5.02154581 11.7118056,4.55555556 L11.7118056,4.09375 L6.28819444,4.09375 L6.28819444,4.55555556 C6.28819444,5.02154581 5.9104347,5.39930556 5.44444444,5.39930556 C4.97845419,5.39930556 4.60069444,5.02154581 4.60069444,4.55555556 L4.60069444,4.09375 Z M6.28819444,2.40625 L11.7118056,2.40625 L11.7118056,1 C11.7118056,0.534009742 12.0895653,0.15625 12.5555556,0.15625 C13.0215458,0.15625 13.3993056,0.534009742 13.3993056,1 L13.3993056,2.40625 L14.75,2.40625 C16.4586309,2.40625 17.84375,3.79136906 17.84375,5.5 L17.84375,15.875 C17.84375,17.5836309 16.4586309,18.96875 14.75,18.96875 L3.25,18.96875 C1.54136906,18.96875 0.15625,17.5836309 0.15625,15.875 L0.15625,5.5 C0.15625,3.79136906 1.54136906,2.40625 3.25,2.40625 L4.60069444,2.40625 L4.60069444,1 C4.60069444,0.534009742 4.97845419,0.15625 5.44444444,0.15625 C5.9104347,0.15625 6.28819444,0.534009742 6.28819444,1 L6.28819444,2.40625 Z M1.84375,8.95486111 L1.84375,15.875 C1.84375,16.6516504 2.47334957,17.28125 3.25,17.28125 L14.75,17.28125 C15.5266504,17.28125 16.15625,16.6516504 16.15625,15.875 L16.15625,8.95486111 L1.84375,8.95486111 Z\"\/><\/svg>Mar 26, 2025<\/span><\/div><\/div><\/div><\/div><\/div><\/div><\/div><div class=\"pagination-block-html\" aria-hidden=\"true\" style=\"display: none;\"><\/div><\/div>","protected":false},"excerpt":{"rendered":"","protected":false},"author":1,"featured_media":0,"parent":0,"menu_order":0,"comment_status":"closed","ping_status":"closed","template":"","meta":{"footnotes":""},"class_list":["post-3039","page","type-page","status-publish"],"_links":{"self":[{"href":"https:\/\/marte.i3a.es\/es\/wp-json\/wp\/v2\/pages\/3039","targetHints":{"allow":["GET"]}}],"collection":[{"href":"https:\/\/marte.i3a.es\/es\/wp-json\/wp\/v2\/pages"}],"about":[{"href":"https:\/\/marte.i3a.es\/es\/wp-json\/wp\/v2\/types\/page"}],"author":[{"embeddable":true,"href":"https:\/\/marte.i3a.es\/es\/wp-json\/wp\/v2\/users\/1"}],"replies":[{"embeddable":true,"href":"https:\/\/marte.i3a.es\/es\/wp-json\/wp\/v2\/comments?post=3039"}],"version-history":[{"count":80,"href":"https:\/\/marte.i3a.es\/es\/wp-json\/wp\/v2\/pages\/3039\/revisions"}],"predecessor-version":[{"id":4247,"href":"https:\/\/marte.i3a.es\/es\/wp-json\/wp\/v2\/pages\/3039\/revisions\/4247"}],"wp:attachment":[{"href":"https:\/\/marte.i3a.es\/es\/wp-json\/wp\/v2\/media?parent=3039"}],"curies":[{"name":"wp","href":"https:\/\/api.w.org\/{rel}","templated":true}]}}