{"id":3560,"date":"2022-04-05T09:49:50","date_gmt":"2022-04-05T07:49:50","guid":{"rendered":"https:\/\/wppruebas.i3a.es\/?page_id=3560"},"modified":"2023-12-04T16:02:08","modified_gmt":"2023-12-04T14:02:08","slug":"instrumentation","status":"publish","type":"page","link":"https:\/\/marte.i3a.es\/es\/instrumentation\/","title":{"rendered":"Instrumentaci\u00f3n"},"content":{"rendered":"<div id=\"pl-gb3560-69d1acc0e471e\"  class=\"panel-layout\" ><div id=\"pg-gb3560-69d1acc0e471e-0\"  class=\"panel-grid panel-has-style\" ><div class=\"siteorigin-panels-stretch panel-row-style panel-row-style-for-gb3560-69d1acc0e471e-0\" data-stretch-type=\"full-width-stretch\" ><div id=\"pgc-gb3560-69d1acc0e471e-0-0\"  class=\"panel-grid-cell\" ><div id=\"panel-gb3560-69d1acc0e471e-0-0-0\" class=\"so-panel widget widget_sow-hero panel-first-child panel-last-child\" data-index=\"0\" ><div\n\t\t\t\n\t\t\tclass=\"so-widget-sow-hero so-widget-sow-hero-default-93415d0e2dbf-3560 so-widget-fittext-wrapper\"\n\t\t\t data-fit-text-compressor=\"0.85\"\n\t\t>\t\t\t\t<div class=\"sow-slider-base\" style=\"display: none\" tabindex=\"0\">\n\t\t\t\t\t<ul\n\t\t\t\t\tclass=\"sow-slider-images\"\n\t\t\t\t\tdata-settings=\"{&quot;pagination&quot;:true,&quot;speed&quot;:800,&quot;timeout&quot;:8000,&quot;paused&quot;:false,&quot;pause_on_hover&quot;:false,&quot;swipe&quot;:true,&quot;nav_always_show_desktop&quot;:&quot;&quot;,&quot;nav_always_show_mobile&quot;:&quot;&quot;,&quot;breakpoint&quot;:&quot;780px&quot;,&quot;unmute&quot;:false,&quot;anchor&quot;:null}\"\n\t\t\t\t\t\t\t\t\t\tdata-anchor-id=\"\"\n\t\t\t\t>\t\t<li class=\"sow-slider-image  sow-slider-image-cover\" style=\"visibility: visible;;background-color: #333333;background-image: url(https:\/\/marte.i3a.es\/wp-content\/uploads\/2017\/08\/conf_talk-2.jpg)\" >\n\t\t\t\t\t<div class=\"sow-slider-image-container\">\n\t\t\t<div class=\"sow-slider-image-wrapper\">\n\t\t\t\t<h1 style=\"text-align: center\"><strong>Instrumentaci\u00f3n<\/strong><\/h1>\t\t\t<\/div>\n\t\t<\/div>\n\t\t\t\t<\/li>\n\t\t<\/ul>\t\t\t\t<ol class=\"sow-slider-pagination\">\n\t\t\t\t\t\t\t\t\t\t\t<li><a href=\"#\" data-goto=\"0\" aria-label=\"mostrar diapositiva 1\"><\/a><\/li>\n\t\t\t\t\t\t\t\t\t<\/ol>\n\n\t\t\t\t<div class=\"sow-slide-nav sow-slide-nav-next\">\n\t\t\t\t\t<a href=\"#\" data-goto=\"next\" aria-label=\"diapositiva siguiente\" data-action=\"next\">\n\t\t\t\t\t\t<em class=\"sow-sld-icon-thin-right\"><\/em>\n\t\t\t\t\t<\/a>\n\t\t\t\t<\/div>\n\n\t\t\t\t<div class=\"sow-slide-nav sow-slide-nav-prev\">\n\t\t\t\t\t<a href=\"#\" data-goto=\"previous\" aria-label=\"diapositiva anterior\" data-action=\"prev\">\n\t\t\t\t\t\t<em class=\"sow-sld-icon-thin-left\"><\/em>\n\t\t\t\t\t<\/a>\n\t\t\t\t<\/div>\n\t\t\t\t<\/div><\/div><\/div><\/div><\/div><\/div><\/div>\n\n<div id=\"pl-gb3560-69d1acc0e5938\"  class=\"panel-layout\" ><div id=\"pg-gb3560-69d1acc0e5938-0\"  class=\"panel-grid panel-no-style\" ><div id=\"pgc-gb3560-69d1acc0e5938-0-0\"  class=\"panel-grid-cell\" ><div id=\"panel-gb3560-69d1acc0e5938-0-0-0\" class=\"so-panel widget widget_sow-image panel-first-child panel-last-child\" data-index=\"0\" ><div\n\t\t\t\n\t\t\tclass=\"so-widget-sow-image so-widget-sow-image-default-8b5b6f678277-3560\"\n\t\t\t\n\t\t>\n<div class=\"sow-image-container\">\n\t\t<img loading=\"lazy\" decoding=\"async\" src=\"https:\/\/marte.i3a.es\/wp-content\/uploads\/2023\/07\/IMG_20230711_103952.jpg\" width=\"2400\" height=\"1800\" srcset=\"https:\/\/marte.i3a.es\/wp-content\/uploads\/2023\/07\/IMG_20230711_103952.jpg 2400w, https:\/\/marte.i3a.es\/wp-content\/uploads\/2023\/07\/IMG_20230711_103952-300x225.jpg 300w, https:\/\/marte.i3a.es\/wp-content\/uploads\/2023\/07\/IMG_20230711_103952-1024x768.jpg 1024w, https:\/\/marte.i3a.es\/wp-content\/uploads\/2023\/07\/IMG_20230711_103952-768x576.jpg 768w, https:\/\/marte.i3a.es\/wp-content\/uploads\/2023\/07\/IMG_20230711_103952-1536x1152.jpg 1536w, https:\/\/marte.i3a.es\/wp-content\/uploads\/2023\/07\/IMG_20230711_103952-2048x1536.jpg 2048w, https:\/\/marte.i3a.es\/wp-content\/uploads\/2023\/07\/IMG_20230711_103952-16x12.jpg 16w\" sizes=\"auto, (max-width: 2400px) 100vw, 2400px\" alt=\"\" \t\tclass=\"so-widget-image\"\/>\n\t<\/div>\n\n<\/div><\/div><\/div><div id=\"pgc-gb3560-69d1acc0e5938-0-1\"  class=\"panel-grid-cell\" ><div id=\"panel-gb3560-69d1acc0e5938-0-1-0\" class=\"so-panel widget widget_sow-editor panel-first-child panel-last-child\" data-index=\"1\" ><div\n\t\t\t\n\t\t\tclass=\"so-widget-sow-editor so-widget-sow-editor-base\"\n\t\t\t\n\t\t>\n<div class=\"siteorigin-widget-tinymce textwidget\">\n\t<h2>Espectr\u00f3metro de Masas con Plasma de Acoplamiento Inductivo en T\u00e1ndem<\/h2>\n<p><em>Grupo M.A.R.T.E., Departamento de Qu\u00edmica Anal\u00edtica, Facultad de Ciencias, Universidad de Zaragoza<\/em><\/p>\n<p> Modelo NexION 5000 (Perkin Elmer) <\/p>\n<\/div>\n<\/div><\/div><\/div><\/div><div id=\"pg-gb3560-69d1acc0e5938-1\"  class=\"panel-grid panel-no-style\" ><div id=\"pgc-gb3560-69d1acc0e5938-1-0\"  class=\"panel-grid-cell\" ><div id=\"panel-gb3560-69d1acc0e5938-1-0-0\" class=\"so-panel widget widget_sow-image panel-first-child panel-last-child\" data-index=\"2\" ><div\n\t\t\t\n\t\t\tclass=\"so-widget-sow-image so-widget-sow-image-default-8b5b6f678277-3560\"\n\t\t\t\n\t\t>\n<div class=\"sow-image-container\">\n\t\t<img loading=\"lazy\" decoding=\"async\" src=\"https:\/\/marte.i3a.es\/wp-content\/uploads\/2023\/02\/ICP-MS-scaled.jpg\" width=\"2560\" height=\"1817\" srcset=\"https:\/\/marte.i3a.es\/wp-content\/uploads\/2023\/02\/ICP-MS-scaled.jpg 2560w, https:\/\/marte.i3a.es\/wp-content\/uploads\/2023\/02\/ICP-MS-300x213.jpg 300w, https:\/\/marte.i3a.es\/wp-content\/uploads\/2023\/02\/ICP-MS-1024x727.jpg 1024w, https:\/\/marte.i3a.es\/wp-content\/uploads\/2023\/02\/ICP-MS-768x545.jpg 768w, https:\/\/marte.i3a.es\/wp-content\/uploads\/2023\/02\/ICP-MS-1536x1090.jpg 1536w, https:\/\/marte.i3a.es\/wp-content\/uploads\/2023\/02\/ICP-MS-2048x1454.jpg 2048w, https:\/\/marte.i3a.es\/wp-content\/uploads\/2023\/02\/ICP-MS-18x12.jpg 18w\" sizes=\"auto, (max-width: 2560px) 100vw, 2560px\" title=\"ICP-MS\" alt=\"\" \t\tclass=\"so-widget-image\"\/>\n\t<\/div>\n\n<\/div><\/div><\/div><div id=\"pgc-gb3560-69d1acc0e5938-1-1\"  class=\"panel-grid-cell\" ><div id=\"panel-gb3560-69d1acc0e5938-1-1-0\" class=\"so-panel widget widget_sow-editor panel-first-child panel-last-child\" data-index=\"3\" ><div\n\t\t\t\n\t\t\tclass=\"so-widget-sow-editor so-widget-sow-editor-base\"\n\t\t\t\n\t\t>\n<div class=\"siteorigin-widget-tinymce textwidget\">\n\t<h2>Espectr\u00f3metro de Masas con Plasma de Acoplamiento Inductivo<\/h2>\n<p><em>Grupo M.A.R.T.E., Departamento de Qu\u00edmica Anal\u00edtica, Facultad de Ciencias, Universidad de Zaragoza<\/em><\/p>\n<p> Modelo NexION 300X (Perkin Elmer) <\/p>\n<\/div>\n<\/div><\/div><\/div><\/div><div id=\"pg-gb3560-69d1acc0e5938-2\"  class=\"panel-grid panel-no-style\" ><div id=\"pgc-gb3560-69d1acc0e5938-2-0\"  class=\"panel-grid-cell\" ><div id=\"panel-gb3560-69d1acc0e5938-2-0-0\" class=\"so-panel widget widget_sow-image panel-first-child panel-last-child\" data-index=\"4\" ><div\n\t\t\t\n\t\t\tclass=\"so-widget-sow-image so-widget-sow-image-default-8b5b6f678277-3560\"\n\t\t\t\n\t\t>\n<div class=\"sow-image-container\">\n\t\t<img loading=\"lazy\" decoding=\"async\" src=\"https:\/\/marte.i3a.es\/wp-content\/uploads\/2023\/02\/HR-CS-AAS-scaled.jpg\" width=\"2560\" height=\"2082\" srcset=\"https:\/\/marte.i3a.es\/wp-content\/uploads\/2023\/02\/HR-CS-AAS-scaled.jpg 2560w, https:\/\/marte.i3a.es\/wp-content\/uploads\/2023\/02\/HR-CS-AAS-300x244.jpg 300w, https:\/\/marte.i3a.es\/wp-content\/uploads\/2023\/02\/HR-CS-AAS-1024x833.jpg 1024w, https:\/\/marte.i3a.es\/wp-content\/uploads\/2023\/02\/HR-CS-AAS-768x625.jpg 768w, https:\/\/marte.i3a.es\/wp-content\/uploads\/2023\/02\/HR-CS-AAS-1536x1249.jpg 1536w, https:\/\/marte.i3a.es\/wp-content\/uploads\/2023\/02\/HR-CS-AAS-2048x1666.jpg 2048w, https:\/\/marte.i3a.es\/wp-content\/uploads\/2023\/02\/HR-CS-AAS-15x12.jpg 15w\" sizes=\"auto, (max-width: 2560px) 100vw, 2560px\" title=\"HR CS AAS\" alt=\"\" \t\tclass=\"so-widget-image\"\/>\n\t<\/div>\n\n<\/div><\/div><\/div><div id=\"pgc-gb3560-69d1acc0e5938-2-1\"  class=\"panel-grid-cell\" ><div id=\"panel-gb3560-69d1acc0e5938-2-1-0\" class=\"so-panel widget widget_sow-editor panel-first-child panel-last-child\" data-index=\"5\" ><div\n\t\t\t\n\t\t\tclass=\"so-widget-sow-editor so-widget-sow-editor-base\"\n\t\t\t\n\t\t>\n<div class=\"siteorigin-widget-tinymce textwidget\">\n\t<h2>Espectr\u00f3metro de absorci\u00f3n at\u00f3mica\/molecular con fuente continua de alta resoluci\u00f3n<\/h2>\n<p><em>Grupo M.A.R.T.E., Departamento de Qu\u00edmica Anal\u00edtica, Facultad de Ciencias, Universidad de Zaragoza<\/em><\/p>\n<p> Modelo ContrAA 800G (Analytik Jena) <\/p>\n<\/div>\n<\/div><\/div><\/div><\/div><div id=\"pg-gb3560-69d1acc0e5938-3\"  class=\"panel-grid panel-no-style\" ><div id=\"pgc-gb3560-69d1acc0e5938-3-0\"  class=\"panel-grid-cell\" ><div id=\"panel-gb3560-69d1acc0e5938-3-0-0\" class=\"so-panel widget widget_sow-image panel-first-child panel-last-child\" data-index=\"6\" ><div\n\t\t\t\n\t\t\tclass=\"so-widget-sow-image so-widget-sow-image-default-8b5b6f678277-3560\"\n\t\t\t\n\t\t>\n<div class=\"sow-image-container\">\n\t\t<img loading=\"lazy\" decoding=\"async\" src=\"https:\/\/marte.i3a.es\/wp-content\/uploads\/2023\/02\/J200-scaled.jpg\" width=\"2560\" height=\"2233\" srcset=\"https:\/\/marte.i3a.es\/wp-content\/uploads\/2023\/02\/J200-scaled.jpg 2560w, https:\/\/marte.i3a.es\/wp-content\/uploads\/2023\/02\/J200-300x262.jpg 300w, https:\/\/marte.i3a.es\/wp-content\/uploads\/2023\/02\/J200-1024x893.jpg 1024w, https:\/\/marte.i3a.es\/wp-content\/uploads\/2023\/02\/J200-768x670.jpg 768w, https:\/\/marte.i3a.es\/wp-content\/uploads\/2023\/02\/J200-1536x1340.jpg 1536w, https:\/\/marte.i3a.es\/wp-content\/uploads\/2023\/02\/J200-2048x1786.jpg 2048w, https:\/\/marte.i3a.es\/wp-content\/uploads\/2023\/02\/J200-14x12.jpg 14w\" sizes=\"auto, (max-width: 2560px) 100vw, 2560px\" title=\"J200\" alt=\"\" \t\tclass=\"so-widget-image\"\/>\n\t<\/div>\n\n<\/div><\/div><\/div><div id=\"pgc-gb3560-69d1acc0e5938-3-1\"  class=\"panel-grid-cell\" ><div id=\"panel-gb3560-69d1acc0e5938-3-1-0\" class=\"so-panel widget widget_sow-editor panel-first-child panel-last-child\" data-index=\"7\" ><div\n\t\t\t\n\t\t\tclass=\"so-widget-sow-editor so-widget-sow-editor-base\"\n\t\t\t\n\t\t>\n<div class=\"siteorigin-widget-tinymce textwidget\">\n\t<h2>Instrumento t\u00e1ndem de ablaci\u00f3n l\u00e1ser\/espectroscop\u00eda de plasma inducida por l\u00e1ser<\/h2>\n<p><em>Grupo M.A.R.T.E., Departamento de Qu\u00edmica Anal\u00edtica, Facultad de Ciencias, Universidad de Zaragoza<\/em><\/p>\n<p> Modelo J200 (Applied Spectra) <\/p>\n<\/div>\n<\/div><\/div><\/div><\/div><\/div>","protected":false},"excerpt":{"rendered":"","protected":false},"author":1,"featured_media":0,"parent":0,"menu_order":0,"comment_status":"closed","ping_status":"closed","template":"","meta":{"footnotes":""},"class_list":["post-3560","page","type-page","status-publish"],"_links":{"self":[{"href":"https:\/\/marte.i3a.es\/es\/wp-json\/wp\/v2\/pages\/3560","targetHints":{"allow":["GET"]}}],"collection":[{"href":"https:\/\/marte.i3a.es\/es\/wp-json\/wp\/v2\/pages"}],"about":[{"href":"https:\/\/marte.i3a.es\/es\/wp-json\/wp\/v2\/types\/page"}],"author":[{"embeddable":true,"href":"https:\/\/marte.i3a.es\/es\/wp-json\/wp\/v2\/users\/1"}],"replies":[{"embeddable":true,"href":"https:\/\/marte.i3a.es\/es\/wp-json\/wp\/v2\/comments?post=3560"}],"version-history":[{"count":14,"href":"https:\/\/marte.i3a.es\/es\/wp-json\/wp\/v2\/pages\/3560\/revisions"}],"predecessor-version":[{"id":4146,"href":"https:\/\/marte.i3a.es\/es\/wp-json\/wp\/v2\/pages\/3560\/revisions\/4146"}],"wp:attachment":[{"href":"https:\/\/marte.i3a.es\/es\/wp-json\/wp\/v2\/media?parent=3560"}],"curies":[{"name":"wp","href":"https:\/\/api.w.org\/{rel}","templated":true}]}}